{"id":461,"date":"2025-10-13T19:47:56","date_gmt":"2025-10-13T19:47:56","guid":{"rendered":"https:\/\/andamiosnicolasromero.com\/fabricante-de-andamios\/?post_type=product&#038;p=461"},"modified":"2025-10-13T23:01:06","modified_gmt":"2025-10-13T23:01:06","slug":"carretilla","status":"publish","type":"product","link":"https:\/\/andamiosnicolasromero.com\/fabricante-de-andamios\/producto\/carretilla\/","title":{"rendered":"CARRETILLA"},"content":{"rendered":"<p><strong>CARRETILLA<\/strong><\/p>\n<ul>\n<li>1 llanta neum\u00e1tica reforzada.<\/li>\n<li>Capacidad de 65 litros y una medida de 4.5 pies c\u00fabicos.<\/li>\n<li>Troquelada en una sola pieza, puente, soporte y tirantes 100% fabricados. <span class=\"gs_tkn\">\u00a0<\/span> <span class=\"gs_tkn\">\u00a0<\/span><\/li>\n<li><span class=\"gs_tkn\">Opci\u00f3n <\/span><span class=\"gs_tkn\">robusta\u00a0<\/span><span class=\"gs_tkn\">y\u00a0<\/span><span class=\"gs_tkn\">pr\u00e1ctica\u00a0<\/span><span class=\"gs_tkn\">para\u00a0<\/span><span class=\"gs_tkn\">diversas\u00a0<\/span><span class=\"gs_tkn\">aplicaciones.<\/span><\/li>\n<li>Llanta neum\u00e1tica con dimensiones de 14 x 13.5 pulgadas.<\/li>\n<\/ul>\n<p>DISE\u00d1ADA CON UN BASTIDOS REFORZADO PARA MAYOR DURABILIDAD Y DISE\u00d1O ERGON\u00d3MICO.<\/p>\n<p>&nbsp;<\/p>\n","protected":false},"excerpt":{"rendered":"<p>CARRETILLA 1 llanta neum\u00e1tica reforzada. Capacidad de 65 litros y una medida de 4.5 pies c\u00fabicos. Troquelada en una sola [&hellip;]<\/p>\n","protected":false},"featured_media":462,"comment_status":"open","ping_status":"closed","template":"","meta":{"_uag_custom_page_level_css":"","site-sidebar-layout":"default","site-content-layout":"","ast-site-content-layout":"default","site-content-style":"default","site-sidebar-style":"default","ast-global-header-display":"","ast-banner-title-visibility":"","ast-main-header-display":"","ast-hfb-above-header-display":"","ast-hfb-below-header-display":"","ast-hfb-mobile-header-display":"","site-post-title":"","ast-breadcrumbs-content":"","ast-featured-img":"","footer-sml-layout":"","theme-transparent-header-meta":"default","adv-header-id-meta":"","stick-header-meta":"","header-above-stick-meta":"","header-main-stick-meta":"","header-below-stick-meta":"","astra-migrate-meta-layouts":"set","ast-page-background-enabled":"default","ast-page-background-meta":{"desktop":{"background-color":"var(--ast-global-color-4)","background-image":"","background-repeat":"repeat","background-position":"center center","background-size":"auto","background-attachment":"scroll","background-type":"","background-media":"","overlay-type":"","overlay-color":"","overlay-opacity":"","overlay-gradient":""},"tablet":{"background-color":"","background-image":"","background-repeat":"repeat","background-position":"center center","background-size":"auto","background-attachment":"scroll","background-type":"","background-media":"","overlay-type":"","overlay-color":"","overlay-opacity":"","overlay-gradient":""},"mobile":{"background-color":"","background-image":"","background-repeat":"repeat","background-position":"center center","background-size":"auto","background-attachment":"scroll","background-type":"","background-media":"","overlay-type":"","overlay-color":"","overlay-opacity":"","overlay-gradient":""}},"ast-content-background-meta":{"desktop":{"background-color":"var(--ast-global-color-5)","background-image":"","background-repeat":"repeat","background-position":"center center","background-size":"auto","background-attachment":"scroll","background-type":"","background-media":"","overlay-type":"","overlay-color":"","overlay-opacity":"","overlay-gradient":""},"tablet":{"background-color":"var(--ast-global-color-5)","background-image":"","background-repeat":"repeat","background-position":"center center","background-size":"auto","background-attachment":"scroll","background-type":"","background-media":"","overlay-type":"","overlay-color":"","overlay-opacity":"","overlay-gradient":""},"mobile":{"background-color":"var(--ast-global-color-5)","background-image":"","background-repeat":"repeat","background-position":"center center","background-size":"auto","background-attachment":"scroll","background-type":"","background-media":"","overlay-type":"","overlay-color":"","overlay-opacity":"","overlay-gradient":""}},"_joinchat":[]},"product_brand":[],"product_cat":[20],"product_tag":[],"class_list":{"0":"post-461","1":"product","2":"type-product","3":"status-publish","4":"has-post-thumbnail","6":"product_cat-maquinaria","7":"desktop-align-left","8":"tablet-align-left","9":"mobile-align-left","11":"first","12":"instock","13":"shipping-taxable","14":"product-type-simple"},"uagb_featured_image_src":{"full":["https:\/\/andamiosnicolasromero.com\/fabricante-de-andamios\/wp-content\/uploads\/2025\/10\/CARRETILLA-ADIR-e1760385044729.webp",400,277,false],"thumbnail":["https:\/\/andamiosnicolasromero.com\/fabricante-de-andamios\/wp-content\/uploads\/2025\/10\/CARRETILLA-ADIR-150x150.webp",150,150,true],"medium":["https:\/\/andamiosnicolasromero.com\/fabricante-de-andamios\/wp-content\/uploads\/2025\/10\/CARRETILLA-ADIR-300x208.webp",300,208,true],"medium_large":["https:\/\/andamiosnicolasromero.com\/fabricante-de-andamios\/wp-content\/uploads\/2025\/10\/CARRETILLA-ADIR-e1760385044729.webp",400,277,false],"large":["https:\/\/andamiosnicolasromero.com\/fabricante-de-andamios\/wp-content\/uploads\/2025\/10\/CARRETILLA-ADIR-e1760385044729.webp",400,277,false],"1536x1536":["https:\/\/andamiosnicolasromero.com\/fabricante-de-andamios\/wp-content\/uploads\/2025\/10\/CARRETILLA-ADIR-e1760385044729.webp",400,277,false],"2048x2048":["https:\/\/andamiosnicolasromero.com\/fabricante-de-andamios\/wp-content\/uploads\/2025\/10\/CARRETILLA-ADIR-e1760385044729.webp",400,277,false],"woocommerce_thumbnail":["https:\/\/andamiosnicolasromero.com\/fabricante-de-andamios\/wp-content\/uploads\/2025\/10\/CARRETILLA-ADIR-300x300.webp",300,300,true],"woocommerce_single":["https:\/\/andamiosnicolasromero.com\/fabricante-de-andamios\/wp-content\/uploads\/2025\/10\/CARRETILLA-ADIR-e1760385044729.webp",400,277,false],"woocommerce_gallery_thumbnail":["https:\/\/andamiosnicolasromero.com\/fabricante-de-andamios\/wp-content\/uploads\/2025\/10\/CARRETILLA-ADIR-100x100.webp",100,100,true]},"uagb_author_info":{"display_name":"Stephanie","author_link":"https:\/\/andamiosnicolasromero.com\/fabricante-de-andamios\/author\/"},"uagb_comment_info":0,"uagb_excerpt":"CARRETILLA 1 llanta neum\u00e1tica reforzada. Capacidad de 65 litros y una medida de 4.5 pies c\u00fabicos. Troquelada en una sola [&hellip;]","_links":{"self":[{"href":"https:\/\/andamiosnicolasromero.com\/fabricante-de-andamios\/wp-json\/wp\/v2\/product\/461","targetHints":{"allow":["GET"]}}],"collection":[{"href":"https:\/\/andamiosnicolasromero.com\/fabricante-de-andamios\/wp-json\/wp\/v2\/product"}],"about":[{"href":"https:\/\/andamiosnicolasromero.com\/fabricante-de-andamios\/wp-json\/wp\/v2\/types\/product"}],"replies":[{"embeddable":true,"href":"https:\/\/andamiosnicolasromero.com\/fabricante-de-andamios\/wp-json\/wp\/v2\/comments?post=461"}],"wp:featuredmedia":[{"embeddable":true,"href":"https:\/\/andamiosnicolasromero.com\/fabricante-de-andamios\/wp-json\/wp\/v2\/media\/462"}],"wp:attachment":[{"href":"https:\/\/andamiosnicolasromero.com\/fabricante-de-andamios\/wp-json\/wp\/v2\/media?parent=461"}],"wp:term":[{"taxonomy":"product_brand","embeddable":true,"href":"https:\/\/andamiosnicolasromero.com\/fabricante-de-andamios\/wp-json\/wp\/v2\/product_brand?post=461"},{"taxonomy":"product_cat","embeddable":true,"href":"https:\/\/andamiosnicolasromero.com\/fabricante-de-andamios\/wp-json\/wp\/v2\/product_cat?post=461"},{"taxonomy":"product_tag","embeddable":true,"href":"https:\/\/andamiosnicolasromero.com\/fabricante-de-andamios\/wp-json\/wp\/v2\/product_tag?post=461"}],"curies":[{"name":"wp","href":"https:\/\/api.w.org\/{rel}","templated":true}]}}