{"id":438,"date":"2025-09-09T22:28:39","date_gmt":"2025-09-09T22:28:39","guid":{"rendered":"https:\/\/andamiosnicolasromero.com\/fabricante-de-andamios\/?post_type=product&#038;p=438"},"modified":"2025-10-13T23:03:37","modified_gmt":"2025-10-13T23:03:37","slug":"trompo-para-concreto","status":"publish","type":"product","link":"https:\/\/andamiosnicolasromero.com\/fabricante-de-andamios\/producto\/trompo-para-concreto\/","title":{"rendered":"TROMPO PARA CONCRETO"},"content":{"rendered":"<p>Son equipos esenciales para la mecanizaci\u00f3n de cualquier obra en construcci\u00f3n, ya que son ideales para la fabricaci\u00f3n de cemento.<\/p>\n<p>Contamos con revolvedora de concreto de varias capacidades de 1 Saco, 1 \u00bc Saco, 1 \u00bd Saco y 2 Sacos con base de motor que acepta distintos tipos de motores propios para revolvedoras a gasolina o revolvedoras el\u00e9ctricas y revolvedoras de mortero ideales para la mezcla de mortero, yeso y texturizados.<\/p>\n<p>El dise\u00f1o de las aspas le dan un mezclado perfecto, homog\u00e9neo reduciendo el tiempo de mezclado hasta un 50%, de bajo peso, mezcla concreto con eficiencia, excelente calidad, precio justo, refacciones totalmente intercambiables, resistente, ligera, olla de acero y polietileno de mayor duraci\u00f3n.<\/p>\n","protected":false},"excerpt":{"rendered":"<p>Son equipos esenciales para la mecanizaci\u00f3n de cualquier obra en construcci\u00f3n, ya que son ideales para la fabricaci\u00f3n de cemento. [&hellip;]<\/p>\n","protected":false},"featured_media":382,"comment_status":"open","ping_status":"closed","template":"","meta":{"_uag_custom_page_level_css":"","site-sidebar-layout":"default","site-content-layout":"","ast-site-content-layout":"default","site-content-style":"default","site-sidebar-style":"default","ast-global-header-display":"","ast-banner-title-visibility":"","ast-main-header-display":"","ast-hfb-above-header-display":"","ast-hfb-below-header-display":"","ast-hfb-mobile-header-display":"","site-post-title":"","ast-breadcrumbs-content":"","ast-featured-img":"","footer-sml-layout":"","theme-transparent-header-meta":"default","adv-header-id-meta":"","stick-header-meta":"","header-above-stick-meta":"","header-main-stick-meta":"","header-below-stick-meta":"","astra-migrate-meta-layouts":"set","ast-page-background-enabled":"default","ast-page-background-meta":{"desktop":{"background-color":"var(--ast-global-color-4)","background-image":"","background-repeat":"repeat","background-position":"center center","background-size":"auto","background-attachment":"scroll","background-type":"","background-media":"","overlay-type":"","overlay-color":"","overlay-opacity":"","overlay-gradient":""},"tablet":{"background-color":"","background-image":"","background-repeat":"repeat","background-position":"center center","background-size":"auto","background-attachment":"scroll","background-type":"","background-media":"","overlay-type":"","overlay-color":"","overlay-opacity":"","overlay-gradient":""},"mobile":{"background-color":"","background-image":"","background-repeat":"repeat","background-position":"center center","background-size":"auto","background-attachment":"scroll","background-type":"","background-media":"","overlay-type":"","overlay-color":"","overlay-opacity":"","overlay-gradient":""}},"ast-content-background-meta":{"desktop":{"background-color":"var(--ast-global-color-5)","background-image":"","background-repeat":"repeat","background-position":"center center","background-size":"auto","background-attachment":"scroll","background-type":"","background-media":"","overlay-type":"","overlay-color":"","overlay-opacity":"","overlay-gradient":""},"tablet":{"background-color":"var(--ast-global-color-5)","background-image":"","background-repeat":"repeat","background-position":"center center","background-size":"auto","background-attachment":"scroll","background-type":"","background-media":"","overlay-type":"","overlay-color":"","overlay-opacity":"","overlay-gradient":""},"mobile":{"background-color":"var(--ast-global-color-5)","background-image":"","background-repeat":"repeat","background-position":"center center","background-size":"auto","background-attachment":"scroll","background-type":"","background-media":"","overlay-type":"","overlay-color":"","overlay-opacity":"","overlay-gradient":""}},"_joinchat":[]},"product_brand":[],"product_cat":[20],"product_tag":[],"class_list":{"0":"post-438","1":"product","2":"type-product","3":"status-publish","4":"has-post-thumbnail","6":"product_cat-maquinaria","7":"desktop-align-left","8":"tablet-align-left","9":"mobile-align-left","11":"first","12":"instock","13":"shipping-taxable","14":"product-type-simple"},"uagb_featured_image_src":{"full":["https:\/\/andamiosnicolasromero.com\/fabricante-de-andamios\/wp-content\/uploads\/2025\/09\/MEZCLADORA-JOPER.jpg",400,400,false],"thumbnail":["https:\/\/andamiosnicolasromero.com\/fabricante-de-andamios\/wp-content\/uploads\/2025\/09\/MEZCLADORA-JOPER-150x150.jpg",150,150,true],"medium":["https:\/\/andamiosnicolasromero.com\/fabricante-de-andamios\/wp-content\/uploads\/2025\/09\/MEZCLADORA-JOPER-300x300.jpg",300,300,true],"medium_large":["https:\/\/andamiosnicolasromero.com\/fabricante-de-andamios\/wp-content\/uploads\/2025\/09\/MEZCLADORA-JOPER.jpg",400,400,false],"large":["https:\/\/andamiosnicolasromero.com\/fabricante-de-andamios\/wp-content\/uploads\/2025\/09\/MEZCLADORA-JOPER.jpg",400,400,false],"1536x1536":["https:\/\/andamiosnicolasromero.com\/fabricante-de-andamios\/wp-content\/uploads\/2025\/09\/MEZCLADORA-JOPER.jpg",400,400,false],"2048x2048":["https:\/\/andamiosnicolasromero.com\/fabricante-de-andamios\/wp-content\/uploads\/2025\/09\/MEZCLADORA-JOPER.jpg",400,400,false],"woocommerce_thumbnail":["https:\/\/andamiosnicolasromero.com\/fabricante-de-andamios\/wp-content\/uploads\/2025\/09\/MEZCLADORA-JOPER-300x300.jpg",300,300,true],"woocommerce_single":["https:\/\/andamiosnicolasromero.com\/fabricante-de-andamios\/wp-content\/uploads\/2025\/09\/MEZCLADORA-JOPER.jpg",400,400,false],"woocommerce_gallery_thumbnail":["https:\/\/andamiosnicolasromero.com\/fabricante-de-andamios\/wp-content\/uploads\/2025\/09\/MEZCLADORA-JOPER-100x100.jpg",100,100,true]},"uagb_author_info":{"display_name":"Stephanie","author_link":"https:\/\/andamiosnicolasromero.com\/fabricante-de-andamios\/author\/"},"uagb_comment_info":0,"uagb_excerpt":"Son equipos esenciales para la mecanizaci\u00f3n de cualquier obra en construcci\u00f3n, ya que son ideales para la fabricaci\u00f3n de cemento. [&hellip;]","_links":{"self":[{"href":"https:\/\/andamiosnicolasromero.com\/fabricante-de-andamios\/wp-json\/wp\/v2\/product\/438","targetHints":{"allow":["GET"]}}],"collection":[{"href":"https:\/\/andamiosnicolasromero.com\/fabricante-de-andamios\/wp-json\/wp\/v2\/product"}],"about":[{"href":"https:\/\/andamiosnicolasromero.com\/fabricante-de-andamios\/wp-json\/wp\/v2\/types\/product"}],"replies":[{"embeddable":true,"href":"https:\/\/andamiosnicolasromero.com\/fabricante-de-andamios\/wp-json\/wp\/v2\/comments?post=438"}],"wp:featuredmedia":[{"embeddable":true,"href":"https:\/\/andamiosnicolasromero.com\/fabricante-de-andamios\/wp-json\/wp\/v2\/media\/382"}],"wp:attachment":[{"href":"https:\/\/andamiosnicolasromero.com\/fabricante-de-andamios\/wp-json\/wp\/v2\/media?parent=438"}],"wp:term":[{"taxonomy":"product_brand","embeddable":true,"href":"https:\/\/andamiosnicolasromero.com\/fabricante-de-andamios\/wp-json\/wp\/v2\/product_brand?post=438"},{"taxonomy":"product_cat","embeddable":true,"href":"https:\/\/andamiosnicolasromero.com\/fabricante-de-andamios\/wp-json\/wp\/v2\/product_cat?post=438"},{"taxonomy":"product_tag","embeddable":true,"href":"https:\/\/andamiosnicolasromero.com\/fabricante-de-andamios\/wp-json\/wp\/v2\/product_tag?post=438"}],"curies":[{"name":"wp","href":"https:\/\/api.w.org\/{rel}","templated":true}]}}