{"id":391,"date":"2025-09-05T00:00:19","date_gmt":"2025-09-05T00:00:19","guid":{"rendered":"https:\/\/andamiosnicolasromero.com\/fabricante-de-andamios\/?post_type=product&#038;p=391"},"modified":"2025-10-13T23:29:59","modified_gmt":"2025-10-13T23:29:59","slug":"monos-con-rondana-de-neopreno","status":"publish","type":"product","link":"https:\/\/andamiosnicolasromero.com\/fabricante-de-andamios\/producto\/monos-con-rondana-de-neopreno\/","title":{"rendered":"MO\u00d1OS CON RONDANA DE NEOPRENO"},"content":{"rendered":"<ul>\n<li>\u00a0Fabricados con acero de alto carb\u00f3n de 5.8 mm. de di\u00e1metro.<\/li>\n<li>Conos de poliestireno r\u00edgido de paredes pulidas.<\/li>\n<li>Rondana de neopreno con una concavidad que facilita su extracci\u00f3n.<\/li>\n<li>Resistencia m\u00e1xima \u00fatil de 2400 Kg.<\/li>\n<li>Resistencia \u00faltima de 2900 Kg.<\/li>\n<\/ul>\n","protected":false},"excerpt":{"rendered":"<p>\u00a0Fabricados con acero de alto carb\u00f3n de 5.8 mm. de di\u00e1metro. Conos de poliestireno r\u00edgido de paredes pulidas. Rondana de [&hellip;]<\/p>\n","protected":false},"featured_media":392,"comment_status":"open","ping_status":"closed","template":"","meta":{"_uag_custom_page_level_css":"","site-sidebar-layout":"default","site-content-layout":"","ast-site-content-layout":"default","site-content-style":"default","site-sidebar-style":"default","ast-global-header-display":"","ast-banner-title-visibility":"","ast-main-header-display":"","ast-hfb-above-header-display":"","ast-hfb-below-header-display":"","ast-hfb-mobile-header-display":"","site-post-title":"","ast-breadcrumbs-content":"","ast-featured-img":"","footer-sml-layout":"","theme-transparent-header-meta":"default","adv-header-id-meta":"","stick-header-meta":"","header-above-stick-meta":"","header-main-stick-meta":"","header-below-stick-meta":"","astra-migrate-meta-layouts":"set","ast-page-background-enabled":"default","ast-page-background-meta":{"desktop":{"background-color":"var(--ast-global-color-4)","background-image":"","background-repeat":"repeat","background-position":"center center","background-size":"auto","background-attachment":"scroll","background-type":"","background-media":"","overlay-type":"","overlay-color":"","overlay-opacity":"","overlay-gradient":""},"tablet":{"background-color":"","background-image":"","background-repeat":"repeat","background-position":"center center","background-size":"auto","background-attachment":"scroll","background-type":"","background-media":"","overlay-type":"","overlay-color":"","overlay-opacity":"","overlay-gradient":""},"mobile":{"background-color":"","background-image":"","background-repeat":"repeat","background-position":"center center","background-size":"auto","background-attachment":"scroll","background-type":"","background-media":"","overlay-type":"","overlay-color":"","overlay-opacity":"","overlay-gradient":""}},"ast-content-background-meta":{"desktop":{"background-color":"var(--ast-global-color-5)","background-image":"","background-repeat":"repeat","background-position":"center center","background-size":"auto","background-attachment":"scroll","background-type":"","background-media":"","overlay-type":"","overlay-color":"","overlay-opacity":"","overlay-gradient":""},"tablet":{"background-color":"var(--ast-global-color-5)","background-image":"","background-repeat":"repeat","background-position":"center center","background-size":"auto","background-attachment":"scroll","background-type":"","background-media":"","overlay-type":"","overlay-color":"","overlay-opacity":"","overlay-gradient":""},"mobile":{"background-color":"var(--ast-global-color-5)","background-image":"","background-repeat":"repeat","background-position":"center center","background-size":"auto","background-attachment":"scroll","background-type":"","background-media":"","overlay-type":"","overlay-color":"","overlay-opacity":"","overlay-gradient":""}},"_joinchat":[]},"product_brand":[],"product_cat":[19],"product_tag":[],"class_list":{"0":"post-391","1":"product","2":"type-product","3":"status-publish","4":"has-post-thumbnail","6":"product_cat-andamios","7":"desktop-align-left","8":"tablet-align-left","9":"mobile-align-left","11":"first","12":"instock","13":"shipping-taxable","14":"product-type-simple"},"uagb_featured_image_src":{"full":["https:\/\/andamiosnicolasromero.com\/fabricante-de-andamios\/wp-content\/uploads\/2025\/09\/MONO-CON-RONDANA-e1757030398353.webp",400,385,false],"thumbnail":["https:\/\/andamiosnicolasromero.com\/fabricante-de-andamios\/wp-content\/uploads\/2025\/09\/MONO-CON-RONDANA-150x150.webp",150,150,true],"medium":["https:\/\/andamiosnicolasromero.com\/fabricante-de-andamios\/wp-content\/uploads\/2025\/09\/MONO-CON-RONDANA-300x289.webp",300,289,true],"medium_large":["https:\/\/andamiosnicolasromero.com\/fabricante-de-andamios\/wp-content\/uploads\/2025\/09\/MONO-CON-RONDANA-e1757030398353.webp",400,385,false],"large":["https:\/\/andamiosnicolasromero.com\/fabricante-de-andamios\/wp-content\/uploads\/2025\/09\/MONO-CON-RONDANA-e1757030398353.webp",400,385,false],"1536x1536":["https:\/\/andamiosnicolasromero.com\/fabricante-de-andamios\/wp-content\/uploads\/2025\/09\/MONO-CON-RONDANA-e1757030398353.webp",400,385,false],"2048x2048":["https:\/\/andamiosnicolasromero.com\/fabricante-de-andamios\/wp-content\/uploads\/2025\/09\/MONO-CON-RONDANA-e1757030398353.webp",400,385,false],"woocommerce_thumbnail":["https:\/\/andamiosnicolasromero.com\/fabricante-de-andamios\/wp-content\/uploads\/2025\/09\/MONO-CON-RONDANA-300x300.webp",300,300,true],"woocommerce_single":["https:\/\/andamiosnicolasromero.com\/fabricante-de-andamios\/wp-content\/uploads\/2025\/09\/MONO-CON-RONDANA-e1757030398353.webp",400,385,false],"woocommerce_gallery_thumbnail":["https:\/\/andamiosnicolasromero.com\/fabricante-de-andamios\/wp-content\/uploads\/2025\/09\/MONO-CON-RONDANA-100x100.webp",100,100,true]},"uagb_author_info":{"display_name":"Stephanie","author_link":"https:\/\/andamiosnicolasromero.com\/fabricante-de-andamios\/author\/"},"uagb_comment_info":0,"uagb_excerpt":"\u00a0Fabricados con acero de alto carb\u00f3n de 5.8 mm. de di\u00e1metro. Conos de poliestireno r\u00edgido de paredes pulidas. Rondana de [&hellip;]","_links":{"self":[{"href":"https:\/\/andamiosnicolasromero.com\/fabricante-de-andamios\/wp-json\/wp\/v2\/product\/391","targetHints":{"allow":["GET"]}}],"collection":[{"href":"https:\/\/andamiosnicolasromero.com\/fabricante-de-andamios\/wp-json\/wp\/v2\/product"}],"about":[{"href":"https:\/\/andamiosnicolasromero.com\/fabricante-de-andamios\/wp-json\/wp\/v2\/types\/product"}],"replies":[{"embeddable":true,"href":"https:\/\/andamiosnicolasromero.com\/fabricante-de-andamios\/wp-json\/wp\/v2\/comments?post=391"}],"wp:featuredmedia":[{"embeddable":true,"href":"https:\/\/andamiosnicolasromero.com\/fabricante-de-andamios\/wp-json\/wp\/v2\/media\/392"}],"wp:attachment":[{"href":"https:\/\/andamiosnicolasromero.com\/fabricante-de-andamios\/wp-json\/wp\/v2\/media?parent=391"}],"wp:term":[{"taxonomy":"product_brand","embeddable":true,"href":"https:\/\/andamiosnicolasromero.com\/fabricante-de-andamios\/wp-json\/wp\/v2\/product_brand?post=391"},{"taxonomy":"product_cat","embeddable":true,"href":"https:\/\/andamiosnicolasromero.com\/fabricante-de-andamios\/wp-json\/wp\/v2\/product_cat?post=391"},{"taxonomy":"product_tag","embeddable":true,"href":"https:\/\/andamiosnicolasromero.com\/fabricante-de-andamios\/wp-json\/wp\/v2\/product_tag?post=391"}],"curies":[{"name":"wp","href":"https:\/\/api.w.org\/{rel}","templated":true}]}}