{"id":347,"date":"2025-08-27T19:19:35","date_gmt":"2025-08-27T19:19:35","guid":{"rendered":"https:\/\/andamiosnicolasromero.com\/fabricante-de-andamios\/?post_type=product&#038;p=347"},"modified":"2025-10-13T23:53:06","modified_gmt":"2025-10-13T23:53:06","slug":"prueba-producto","status":"publish","type":"product","link":"https:\/\/andamiosnicolasromero.com\/fabricante-de-andamios\/producto\/prueba-producto\/","title":{"rendered":"VIBRADOR DE CONCRETO"},"content":{"rendered":"<div id=\"tab-description\" class=\"woocommerce-Tabs-panel woocommerce-Tabs-panel--description panel entry-content wc-tab\" role=\"tabpanel\" aria-labelledby=\"tab-title-description\">\n<p>Los Vibradores de Concreto est\u00e1n accionados con motor a gasolina de 5.5 hp y el\u00e9ctricos con ejes flexibles de 4 y 6 metros.<\/p>\n<p>Estos Equipos son ideales para uso en hormig\u00f3n de baja presi\u00f3n donde se requiere poder constante para licuar y mover una mezcla dura.<\/p>\n<p>Con acoplamiento r\u00e1pido de la manguera al motor y de f\u00e1cil mantenimiento, ideales para la vibraci\u00f3n de concreto como paredes, columnas y loza.<\/p>\n<\/div>\n","protected":false},"excerpt":{"rendered":"<p>descripci\u00f3n principal del producto<\/p>\n","protected":false},"featured_media":393,"comment_status":"open","ping_status":"closed","template":"","meta":{"_uag_custom_page_level_css":"","site-sidebar-layout":"default","site-content-layout":"","ast-site-content-layout":"default","site-content-style":"default","site-sidebar-style":"default","ast-global-header-display":"","ast-banner-title-visibility":"","ast-main-header-display":"","ast-hfb-above-header-display":"","ast-hfb-below-header-display":"","ast-hfb-mobile-header-display":"","site-post-title":"","ast-breadcrumbs-content":"","ast-featured-img":"","footer-sml-layout":"","theme-transparent-header-meta":"default","adv-header-id-meta":"","stick-header-meta":"","header-above-stick-meta":"","header-main-stick-meta":"","header-below-stick-meta":"","astra-migrate-meta-layouts":"set","ast-page-background-enabled":"default","ast-page-background-meta":{"desktop":{"background-color":"var(--ast-global-color-4)","background-image":"","background-repeat":"repeat","background-position":"center center","background-size":"auto","background-attachment":"scroll","background-type":"","background-media":"","overlay-type":"","overlay-color":"","overlay-opacity":"","overlay-gradient":""},"tablet":{"background-color":"","background-image":"","background-repeat":"repeat","background-position":"center center","background-size":"auto","background-attachment":"scroll","background-type":"","background-media":"","overlay-type":"","overlay-color":"","overlay-opacity":"","overlay-gradient":""},"mobile":{"background-color":"","background-image":"","background-repeat":"repeat","background-position":"center center","background-size":"auto","background-attachment":"scroll","background-type":"","background-media":"","overlay-type":"","overlay-color":"","overlay-opacity":"","overlay-gradient":""}},"ast-content-background-meta":{"desktop":{"background-color":"var(--ast-global-color-5)","background-image":"","background-repeat":"repeat","background-position":"center center","background-size":"auto","background-attachment":"scroll","background-type":"","background-media":"","overlay-type":"","overlay-color":"","overlay-opacity":"","overlay-gradient":""},"tablet":{"background-color":"var(--ast-global-color-5)","background-image":"","background-repeat":"repeat","background-position":"center center","background-size":"auto","background-attachment":"scroll","background-type":"","background-media":"","overlay-type":"","overlay-color":"","overlay-opacity":"","overlay-gradient":""},"mobile":{"background-color":"var(--ast-global-color-5)","background-image":"","background-repeat":"repeat","background-position":"center center","background-size":"auto","background-attachment":"scroll","background-type":"","background-media":"","overlay-type":"","overlay-color":"","overlay-opacity":"","overlay-gradient":""}},"_joinchat":[]},"product_brand":[],"product_cat":[20],"product_tag":[],"class_list":{"0":"post-347","1":"product","2":"type-product","3":"status-publish","4":"has-post-thumbnail","6":"product_cat-maquinaria","7":"desktop-align-left","8":"tablet-align-left","9":"mobile-align-left","11":"first","12":"instock","13":"shipping-taxable","14":"product-type-simple"},"uagb_featured_image_src":{"full":["https:\/\/andamiosnicolasromero.com\/fabricante-de-andamios\/wp-content\/uploads\/2025\/08\/Sin-titulo.44-e1757030443278.jpg",400,293,false],"thumbnail":["https:\/\/andamiosnicolasromero.com\/fabricante-de-andamios\/wp-content\/uploads\/2025\/08\/Sin-titulo.44-150x150.jpg",150,150,true],"medium":["https:\/\/andamiosnicolasromero.com\/fabricante-de-andamios\/wp-content\/uploads\/2025\/08\/Sin-titulo.44-300x219.jpg",300,219,true],"medium_large":["https:\/\/andamiosnicolasromero.com\/fabricante-de-andamios\/wp-content\/uploads\/2025\/08\/Sin-titulo.44-e1757030443278.jpg",400,293,false],"large":["https:\/\/andamiosnicolasromero.com\/fabricante-de-andamios\/wp-content\/uploads\/2025\/08\/Sin-titulo.44-e1757030443278.jpg",400,293,false],"1536x1536":["https:\/\/andamiosnicolasromero.com\/fabricante-de-andamios\/wp-content\/uploads\/2025\/08\/Sin-titulo.44-e1757030443278.jpg",400,293,false],"2048x2048":["https:\/\/andamiosnicolasromero.com\/fabricante-de-andamios\/wp-content\/uploads\/2025\/08\/Sin-titulo.44-e1757030443278.jpg",400,293,false],"woocommerce_thumbnail":["https:\/\/andamiosnicolasromero.com\/fabricante-de-andamios\/wp-content\/uploads\/2025\/08\/Sin-titulo.44-300x300.jpg",300,300,true],"woocommerce_single":["https:\/\/andamiosnicolasromero.com\/fabricante-de-andamios\/wp-content\/uploads\/2025\/08\/Sin-titulo.44-e1757030443278.jpg",400,293,false],"woocommerce_gallery_thumbnail":["https:\/\/andamiosnicolasromero.com\/fabricante-de-andamios\/wp-content\/uploads\/2025\/08\/Sin-titulo.44-100x100.jpg",100,100,true]},"uagb_author_info":{"display_name":"admin","author_link":"https:\/\/andamiosnicolasromero.com\/fabricante-de-andamios\/author\/"},"uagb_comment_info":0,"uagb_excerpt":"descripci\u00f3n principal del producto","_links":{"self":[{"href":"https:\/\/andamiosnicolasromero.com\/fabricante-de-andamios\/wp-json\/wp\/v2\/product\/347","targetHints":{"allow":["GET"]}}],"collection":[{"href":"https:\/\/andamiosnicolasromero.com\/fabricante-de-andamios\/wp-json\/wp\/v2\/product"}],"about":[{"href":"https:\/\/andamiosnicolasromero.com\/fabricante-de-andamios\/wp-json\/wp\/v2\/types\/product"}],"replies":[{"embeddable":true,"href":"https:\/\/andamiosnicolasromero.com\/fabricante-de-andamios\/wp-json\/wp\/v2\/comments?post=347"}],"wp:featuredmedia":[{"embeddable":true,"href":"https:\/\/andamiosnicolasromero.com\/fabricante-de-andamios\/wp-json\/wp\/v2\/media\/393"}],"wp:attachment":[{"href":"https:\/\/andamiosnicolasromero.com\/fabricante-de-andamios\/wp-json\/wp\/v2\/media?parent=347"}],"wp:term":[{"taxonomy":"product_brand","embeddable":true,"href":"https:\/\/andamiosnicolasromero.com\/fabricante-de-andamios\/wp-json\/wp\/v2\/product_brand?post=347"},{"taxonomy":"product_cat","embeddable":true,"href":"https:\/\/andamiosnicolasromero.com\/fabricante-de-andamios\/wp-json\/wp\/v2\/product_cat?post=347"},{"taxonomy":"product_tag","embeddable":true,"href":"https:\/\/andamiosnicolasromero.com\/fabricante-de-andamios\/wp-json\/wp\/v2\/product_tag?post=347"}],"curies":[{"name":"wp","href":"https:\/\/api.w.org\/{rel}","templated":true}]}}