{"id":28,"date":"2024-10-08T01:00:14","date_gmt":"2024-10-08T01:00:14","guid":{"rendered":"https:\/\/andamiosnicolasromero.com\/fabricante-de-andamios\/index.php\/home-2\/"},"modified":"2025-03-21T22:43:06","modified_gmt":"2025-03-21T22:43:06","slug":"inicio","status":"publish","type":"page","link":"https:\/\/andamiosnicolasromero.com\/fabricante-de-andamios\/","title":{"rendered":"Inicio"},"content":{"rendered":"\n<div class=\"wp-block-uagb-container uagb-block-c832201d alignfull uagb-is-root-container\">\n<div class=\"wp-block-uagb-container uagb-block-64e228b6 alignfull uagb-is-root-container\"><div class=\"uagb-container-inner-blocks-wrap\">\n<div class=\"wp-block-uagb-info-box uagb-block-22704a2c uagb-infobox__content-wrap  uagb-infobox-icon-above-title uagb-infobox-image-valign-top\"><div class=\"uagb-ifb-content\"><div class=\"uagb-ifb-title-wrap\"><span class=\"uagb-ifb-title-prefix\">Andamios de Calidad<\/span><h1 class=\"uagb-ifb-title\">Andamios Nicol\u00e1s Romero<\/h1><\/div><p class=\"uagb-ifb-desc\">Somos fabricantes de andamios, comercializamos maquinar\u00eda ligera y ofrecemos soluciones efectivas 24\/7.<\/p><div class=\"uagb-ifb-button-wrapper wp-block-button\"><a href=\"contact\/\" class=\"uagb-infobox-cta-link wp-block-button__link\" target=\"_self\" rel=\"noopener noreferrer\" onclick=\"return true;\"><span class=\"uagb-inline-editing\">Cont\u00e1ctanos Hoy<\/span><\/a><\/div><\/div><\/div>\n\n\n\n<div class=\"wp-block-uagb-container uagb-layout-grid uagb-block-e7a2d7c6\">\n<div class=\"wp-block-uagb-image alignleft uagb-block-88186def wp-block-uagb-image--layout-default wp-block-uagb-image--effect-static wp-block-uagb-image--align-left\"><figure class=\"wp-block-uagb-image__figure\"><img loading=\"lazy\" decoding=\"async\" srcset=\"https:\/\/andamiosnicolasromero.com\/fabricante-de-andamios\/wp-content\/uploads\/2024\/10\/fabricante-venta-renta-andamios-nicolas-romero.jpg ,https:\/\/andamiosnicolasromero.com\/fabricante-de-andamios\/wp-content\/uploads\/2024\/10\/fabricante-venta-renta-andamios-nicolas-romero.jpg 780w, https:\/\/andamiosnicolasromero.com\/fabricante-de-andamios\/wp-content\/uploads\/2024\/10\/fabricante-venta-renta-andamios-nicolas-romero.jpg 360w\" sizes=\"auto, (max-width: 480px) 150px\" src=\"https:\/\/andamiosnicolasromero.com\/fabricante-de-andamios\/wp-content\/uploads\/2024\/10\/fabricante-venta-renta-andamios-nicolas-romero.jpg\" alt=\"\" class=\"uag-image-9\" width=\"600\" height=\"374\" title=\"discover\" loading=\"lazy\" role=\"img\"\/><\/figure><\/div>\n\n\n\n<div class=\"wp-block-uagb-container uagb-layout-grid uagb-block-62d4b270\">\n<div class=\"wp-block-uagb-counter uagb-block-c94a9d10 wp-block-uagb-counter--number\"><div class=\"wp-block-uagb-counter__number\"><span class=\"uagb-counter-block-number\" data-duration=\"1.5\" data-to-value=\"20\" data-from-value=\"0\" data-delimiter=\",\"><\/span><span class=\"uagb-counter-block-suffix\">+<\/span><\/div><div class=\"wp-block-uagb-counter__title\">A\u00f1os de Experiencia<\/div><\/div>\n\n\n\n<div class=\"wp-block-uagb-counter uagb-block-9d06e675 wp-block-uagb-counter--number\"><div class=\"wp-block-uagb-counter__number\"><span class=\"uagb-counter-block-number\" data-duration=\"1.5\" data-to-value=\"40\" data-from-value=\"0\" data-delimiter=\",\"><\/span><span class=\"uagb-counter-block-suffix\">+<\/span><\/div><div class=\"wp-block-uagb-counter__title\">Miembros del Equipo<\/div><\/div>\n\n\n\n<div class=\"wp-block-uagb-counter uagb-block-368adb1a wp-block-uagb-counter--number\"><div class=\"wp-block-uagb-counter__number\"><span class=\"uagb-counter-block-number\" data-duration=\"1.5\" data-to-value=\"98\" data-from-value=\"0\" data-delimiter=\",\"><\/span><span class=\"uagb-counter-block-suffix\">%<\/span><\/div><div class=\"wp-block-uagb-counter__title\">Cliente Satisfecho<\/div><\/div>\n\n\n\n<div class=\"wp-block-uagb-counter uagb-block-d5e79842 wp-block-uagb-counter--number\"><div class=\"wp-block-uagb-counter__number\"><span class=\"uagb-counter-block-number\" data-duration=\"1.5\" data-to-value=\"500\" data-from-value=\"0\" data-delimiter=\",\"><\/span><span class=\"uagb-counter-block-suffix\">+<\/span><\/div><div class=\"wp-block-uagb-counter__title\">Proyecto Completado<\/div><\/div>\n<\/div>\n<\/div>\n<\/div><\/div>\n<\/div>\n\n\n\n<div class=\"wp-block-uagb-container uagb-block-8e70baa8 alignfull uagb-is-root-container\"><div class=\"uagb-container-inner-blocks-wrap\">\n<div class=\"wp-block-uagb-advanced-heading uagb-block-238f54b6\"><p class=\"uagb-desc-text\">ConOCE NUESTRA EMPRESA<\/p><h2 class=\"uagb-heading-text\">ANDAMIOS NICOLAS ROMERO<\/h2><\/div>\n\n\n\n<div class=\"wp-block-uagb-container uagb-layout-grid uagb-block-440ea6bf\">\n<div class=\"wp-block-uagb-image uagb-block-2495c617 wp-block-uagb-image--layout-default wp-block-uagb-image--effect-static wp-block-uagb-image--align-none\"><figure class=\"wp-block-uagb-image__figure\"><img loading=\"lazy\" decoding=\"async\" srcset=\"https:\/\/andamiosnicolasromero.com\/fabricante-de-andamios\/wp-content\/uploads\/2024\/10\/fabricacion-venta-renta-andamios-nicolas-romero.jpg ,https:\/\/andamiosnicolasromero.com\/fabricante-de-andamios\/wp-content\/uploads\/2024\/10\/fabricacion-venta-renta-andamios-nicolas-romero.jpg 780w, https:\/\/andamiosnicolasromero.com\/fabricante-de-andamios\/wp-content\/uploads\/2024\/10\/fabricacion-venta-renta-andamios-nicolas-romero.jpg 360w\" sizes=\"auto, (max-width: 480px) 150px\" src=\"https:\/\/andamiosnicolasromero.com\/fabricante-de-andamios\/wp-content\/uploads\/2024\/10\/fabricacion-venta-renta-andamios-nicolas-romero.jpg\" alt=\"\" class=\"uag-image-8\" width=\"560\" height=\"500\" title=\"about-us\" loading=\"lazy\" role=\"img\"\/><\/figure><\/div>\n\n\n\n<div class=\"wp-block-uagb-container uagb-block-6086e171\">\n<div class=\"wp-block-uagb-advanced-heading uagb-block-b7dbe933\"><p class=\"uagb-desc-text\">Somos una empresa 100% mexicana l\u00edder en la fabricaci\u00f3n, arrendamiento y comercializaci\u00f3n de andamios para la industria y construcci\u00f3n en todo M\u00e9xico. Con el compromiso de ofrecerle calidad y seguridad en nuestros productos. Hemos sido parte de numerosas obras, facilitando la labor de los trabajadores y garantizando un entorno seguro y eficiente.<br><br>Desde nuestra fundaci\u00f3n hemos mantenido un enfoque de innovaci\u00f3n y compromiso con el cliente. Nuestros productos cuentan con los m\u00e1s altos est\u00e1ndares de calidad del mercado permiti\u00e9ndonos ser parte de grandes proyectos.<br><br>Contamos con la experiencia necesaria para trabajar en este sector de la<br>industria nos enorgullece ser reconocidos como expertos en el campo<\/p><\/div>\n\n\n\n<p><\/p>\n\n\n\n<p><\/p>\n\n\n\n<p><\/p>\n<\/div>\n<\/div>\n<\/div><\/div>\n\n\n\n<div class=\"wp-block-uagb-container uagb-block-a31a30fe alignfull uagb-is-root-container\"><div class=\"uagb-container-inner-blocks-wrap\">\n<div class=\"wp-block-uagb-container uagb-block-eca364b1\">\n<div class=\"wp-block-uagb-container uagb-block-d1dd5338\">\n<div class=\"wp-block-uagb-container uagb-layout-grid uagb-block-586c46e8\">\n<div class=\"wp-block-uagb-advanced-heading uagb-block-8bca50c3\"><h4 class=\"uagb-heading-text\">01<\/h4><\/div>\n\n\n\n<div class=\"wp-block-uagb-advanced-heading uagb-block-e9723c7e\"><h3 class=\"uagb-heading-text\">Renta de Andamios<\/h3><\/div>\n<\/div>\n\n\n\n<div class=\"wp-block-uagb-container uagb-layout-grid uagb-block-3689c5db\">\n<div class=\"wp-block-uagb-advanced-heading uagb-block-7519947d\"><h4 class=\"uagb-heading-text\">02<\/h4><\/div>\n\n\n\n<div class=\"wp-block-uagb-advanced-heading uagb-block-3a3a9da2\"><h3 class=\"uagb-heading-text\">Fabricaci\u00f3n de Andamios<\/h3><\/div>\n<\/div>\n\n\n\n<div class=\"wp-block-uagb-container uagb-layout-grid uagb-block-93e24c36\">\n<div class=\"wp-block-uagb-advanced-heading uagb-block-61f78184\"><h4 class=\"uagb-heading-text\">03<\/h4><\/div>\n\n\n\n<div class=\"wp-block-uagb-advanced-heading uagb-block-ca0ac2e2\"><h3 class=\"uagb-heading-text\">Renta de Equipos Especializados<\/h3><\/div>\n<\/div>\n<\/div>\n\n\n\n<div class=\"wp-block-uagb-container uagb-block-729bfe4d\">\n<div class=\"wp-block-uagb-info-box uagb-block-27b675ac uagb-infobox__content-wrap  uagb-infobox-icon-above-title uagb-infobox-image-valign-top\"><div class=\"uagb-ifb-content\"><div class=\"uagb-ifb-title-wrap\"><p class=\"uagb-ifb-title-prefix\">Nuestros Servicios<\/p><h2 class=\"uagb-ifb-title\">Renta y Venta de Andamios y M\u00e1s<\/h2><\/div><p class=\"uagb-ifb-desc\">Brindamos una variedad de servicios de andamiaje, incluyendo renta de vibradores de concreto y componentes esenciales para su instalaci\u00f3n.<\/p><div class=\"uagb-ifb-button-wrapper wp-block-button\"><a href=\"services\/\" class=\"uagb-infobox-cta-link wp-block-button__link\" target=\"_self\" rel=\"noopener noreferrer\" onclick=\"return true;\"><span class=\"uagb-inline-editing\">Leer M\u00e1s<\/span><\/a><\/div><\/div><\/div>\n<\/div>\n<\/div>\n<\/div><\/div>\n\n\n\n<div class=\"wp-block-uagb-container uagb-block-2e06931e alignfull uagb-is-root-container\"><div class=\"uagb-container-inner-blocks-wrap\">\n<div class=\"wp-block-uagb-container uagb-block-040867ae\">\n<div class=\"wp-block-uagb-info-box uagb-block-9dc3d377 uagb-infobox__content-wrap  uagb-infobox-icon-above-title uagb-infobox-image-valign-top wp-block-uagb-info-box--has-margin\"><div class=\"uagb-infobox-margin-wrapper\"><div class=\"uagb-ifb-content\"><div class=\"uagb-ifb-title-wrap\"><div class=\"uagb-ifb-separator\"><\/div><h2 class=\"uagb-ifb-title\">\u00a1No esperes m\u00e1s! Obt\u00e9n tus andamios hoy mismo y mejora tu proyecto.<\/h2><\/div><div class=\"uagb-ifb-button-wrapper wp-block-button\"><a href=\"contact\/\" class=\"uagb-infobox-cta-link wp-block-button__link\" target=\"_self\" rel=\"noopener noreferrer\" onclick=\"return true;\"><span class=\"uagb-inline-editing\">Cont\u00e1ctanos Hoy<\/span><\/a><\/div><\/div><\/div><\/div>\n<\/div>\n<\/div><\/div>\n\n\n\n<div class=\"wp-block-uagb-container uagb-block-65ca346b alignfull uagb-is-root-container\"><div class=\"uagb-container-inner-blocks-wrap\">\n<div class=\"wp-block-uagb-advanced-heading uagb-block-2e2f5ae6\"><p class=\"uagb-desc-text\">Nuestra Forma de Trabajar<\/p><h2 class=\"uagb-heading-text\">As\u00ed es como operamos d\u00eda a d\u00eda<\/h2><\/div>\n\n\n\n<div class=\"wp-block-uagb-container uagb-block-64b2afa7\">\n<div class=\"wp-block-uagb-container uagb-block-5f3c304b\">\n<div class=\"wp-block-uagb-container uagb-layout-grid uagb-block-83d5db4c\">\n<div class=\"wp-block-uagb-advanced-heading uagb-block-0368c07f\"><p class=\"uagb-desc-text\">Step<\/p><\/div>\n\n\n\n<div class=\"wp-block-uagb-advanced-heading uagb-block-75d61706\"><h2 class=\"uagb-heading-text\">01<\/h2><\/div>\n<\/div>\n\n\n\n<div class=\"wp-block-uagb-advanced-heading uagb-block-058b9313\"><p class=\"uagb-heading-text\">Calidad<\/p><p class=\"uagb-desc-text\">Nos aseguramos de que cada andamio cumpla con est\u00e1ndares de seguridad y calidad.<\/p><\/div>\n<\/div>\n\n\n\n<div class=\"wp-block-uagb-container uagb-block-d9284c02\">\n<div class=\"wp-block-uagb-container uagb-layout-grid uagb-block-19ef9116\">\n<div class=\"wp-block-uagb-advanced-heading uagb-block-8a638f21\"><p class=\"uagb-desc-text\">Step<\/p><\/div>\n\n\n\n<div class=\"wp-block-uagb-advanced-heading uagb-block-10b727d7\"><h2 class=\"uagb-heading-text\">02<\/h2><\/div>\n<\/div>\n\n\n\n<div class=\"wp-block-uagb-advanced-heading uagb-block-70a66198\"><p class=\"uagb-heading-text\">Servicio<\/p><p class=\"uagb-desc-text\">Ofrecemos atenci\u00f3n personalizada para satisfacer todas tus necesidades de andamiaje.<\/p><\/div>\n<\/div>\n\n\n\n<div class=\"wp-block-uagb-container uagb-block-96696703\">\n<div class=\"wp-block-uagb-container uagb-layout-grid uagb-block-9a5e32d4\">\n<div class=\"wp-block-uagb-advanced-heading uagb-block-67b7aa46\"><p class=\"uagb-desc-text\">Step<\/p><\/div>\n\n\n\n<div class=\"wp-block-uagb-advanced-heading uagb-block-ebc92c9d\"><h2 class=\"uagb-heading-text\">03<\/h2><\/div>\n<\/div>\n\n\n\n<div class=\"wp-block-uagb-advanced-heading uagb-block-097d06d1\"><p class=\"uagb-heading-text\">Compromiso<\/p><p class=\"uagb-desc-text\">Nos comprometemos a entregar siempre a tiempo, garantizando tu satisfacci\u00f3n.<\/p><\/div>\n<\/div>\n<\/div>\n<\/div><\/div>\n\n\n\n<div class=\"wp-block-uagb-container uagb-block-d47175bd alignfull uagb-is-root-container\"><div class=\"uagb-container-inner-blocks-wrap\">\n<div class=\"wp-block-uagb-container uagb-block-1371e62b\">\n<div class=\"wp-block-uagb-advanced-heading uagb-block-da4ce6f2\"><p class=\"uagb-desc-text\">Opiniones<\/p><h2 class=\"uagb-heading-text\">Lo que Dicen Nuestros Clientes<\/h2><\/div>\n\n\n\n<div class=\"wp-block-uagb-container uagb-layout-grid uagb-block-ee92ab9c\">\n<div class=\"wp-block-uagb-advanced-heading uagb-block-846c4a26\"><h2 class=\"uagb-heading-text\">4.8<\/h2><\/div>\n\n\n\n<div class=\"wp-block-uagb-star-rating uagb-block-7c628085\"><p class=\"uag-star-rating__title\">Calificaciones de Google<\/p><div class=\"uag-star-rating\" title=\"4\/5\"><span class=\"uag-star\">\u2605<\/span><span class=\"uag-star\">\u2605<\/span><span class=\"uag-star\">\u2605<\/span><span class=\"uag-star\">\u2605<\/span><span class=\"uag-star\">\u2605<\/span><\/div><\/div>\n<\/div>\n<\/div>\n\n\n\n<div class=\"wp-block-uagb-container uagb-block-a5e7e7bb\">\n<div class=\"wp-block-uagb-container uagb-block-09a86fc7\">\n<div class=\"wp-block-uagb-info-box uagb-block-718136a5 uagb-infobox__content-wrap  uagb-infobox-icon-left-title uagb-infobox-left uagb-infobox-image-valign-top\"><div class=\"uagb-ifb-content\"><div class=\"uagb-ifb-left-title-image\"><div class=\"uagb-ifb-icon-wrap\"><svg xmlns=\"https:\/\/www.w3.org\/2000\/svg\" viewBox=\"0 0 448 512\"><path d=\"M96 96C42.98 96 0 138.1 0 192s42.98 96 96 96c11.28 0 21.95-2.305 32-5.879V288c0 35.3-28.7 64-64 64c-17.67 0-32 14.33-32 32s14.33 32 32 32c70.58 0 128-57.42 128-128V192C192 138.1 149 96 96 96zM448 192c0-53.02-42.98-96-96-96s-96 42.98-96 96s42.98 96 96 96c11.28 0 21.95-2.305 32-5.879V288c0 35.3-28.7 64-64 64c-17.67 0-32 14.33-32 32s14.33 32 32 32c70.58 0 128-57.42 128-128V192z\"><\/path><\/svg><\/div><div class=\"uagb-ifb-title-wrap\"><p class=\"uagb-ifb-title\">Excelente servicio y atenci\u00f3n. Los andamios que rent\u00e9 superaron mis expectativas y me ayudaron a completar mi proyecto a tiempo. Los recomiendo ampliamente.<\/p><\/div><\/div><\/div><\/div>\n\n\n\n<div class=\"wp-block-uagb-container uagb-layout-grid uagb-block-a0650ae5\">\n<div class=\"wp-block-uagb-advanced-heading uagb-block-479390f3\"><h3 class=\"uagb-heading-text\">4.7*<\/h3><\/div>\n\n\n\n<div class=\"wp-block-uagb-container uagb-layout-grid uagb-block-de98522d\">\n<div class=\"wp-block-uagb-image alignleft uagb-block-cb1e0462 wp-block-uagb-image--layout-default wp-block-uagb-image--effect-static wp-block-uagb-image--align-left\"><figure class=\"wp-block-uagb-image__figure\"><img loading=\"lazy\" decoding=\"async\" srcset=\"https:\/\/andamiosnicolasromero.com\/fabricante-de-andamios\/wp-content\/uploads\/2024\/06\/testimonial-skip-01.jpg ,https:\/\/andamiosnicolasromero.com\/fabricante-de-andamios\/wp-content\/uploads\/2024\/06\/testimonial-skip-01.jpg 780w, https:\/\/andamiosnicolasromero.com\/fabricante-de-andamios\/wp-content\/uploads\/2024\/06\/testimonial-skip-01.jpg 360w\" sizes=\"auto, (max-width: 480px) 150px\" src=\"https:\/\/andamiosnicolasromero.com\/fabricante-de-andamios\/wp-content\/uploads\/2024\/06\/testimonial-skip-01.jpg\" alt=\"\" class=\"uag-image-191\" width=\"60\" height=\"60\" title=\"testimonial-skip-01\" loading=\"lazy\" role=\"img\"\/><\/figure><\/div>\n\n\n\n<div class=\"wp-block-uagb-advanced-heading uagb-block-417256d0\"><h4 class=\"uagb-heading-text\">Juan P\u00e9rez<\/h4><p class=\"uagb-desc-text\">Propietario de Negocio<\/p><\/div>\n<\/div>\n<\/div>\n<\/div>\n\n\n\n<div class=\"wp-block-uagb-container uagb-block-90547aeb\">\n<div class=\"wp-block-uagb-info-box uagb-block-f8a979a9 uagb-infobox__content-wrap  uagb-infobox-icon-left-title uagb-infobox-left uagb-infobox-image-valign-top\"><div class=\"uagb-ifb-content\"><div class=\"uagb-ifb-left-title-image\"><div class=\"uagb-ifb-icon-wrap\"><svg xmlns=\"https:\/\/www.w3.org\/2000\/svg\" viewBox=\"0 0 448 512\"><path d=\"M96 96C42.98 96 0 138.1 0 192s42.98 96 96 96c11.28 0 21.95-2.305 32-5.879V288c0 35.3-28.7 64-64 64c-17.67 0-32 14.33-32 32s14.33 32 32 32c70.58 0 128-57.42 128-128V192C192 138.1 149 96 96 96zM448 192c0-53.02-42.98-96-96-96s-96 42.98-96 96s42.98 96 96 96c11.28 0 21.95-2.305 32-5.879V288c0 35.3-28.7 64-64 64c-17.67 0-32 14.33-32 32s14.33 32 32 32c70.58 0 128-57.42 128-128V192z\"><\/path><\/svg><\/div><div class=\"uagb-ifb-title-wrap\"><p class=\"uagb-ifb-title\">La calidad de los andamios es impresionante. Trabajo en construcci\u00f3n y siempre busco lo mejor para mis proyectos. Andamios Nicol\u00e1s Romero nunca me ha decepcionado.<\/p><\/div><\/div><\/div><\/div>\n\n\n\n<div class=\"wp-block-uagb-container uagb-layout-grid uagb-block-aae9d649\">\n<div class=\"wp-block-uagb-advanced-heading uagb-block-32bb274f\"><h3 class=\"uagb-heading-text\">4.7*<\/h3><\/div>\n\n\n\n<div class=\"wp-block-uagb-container uagb-layout-grid uagb-block-7cb9e745\">\n<div class=\"wp-block-uagb-image alignleft uagb-block-5d03b009 wp-block-uagb-image--layout-default wp-block-uagb-image--effect-static wp-block-uagb-image--align-left\"><figure class=\"wp-block-uagb-image__figure\"><img loading=\"lazy\" decoding=\"async\" srcset=\"https:\/\/andamiosnicolasromero.com\/fabricante-de-andamios\/wp-content\/uploads\/2024\/06\/testimonial-skip-02.jpg ,https:\/\/andamiosnicolasromero.com\/fabricante-de-andamios\/wp-content\/uploads\/2024\/06\/testimonial-skip-02.jpg 780w, https:\/\/andamiosnicolasromero.com\/fabricante-de-andamios\/wp-content\/uploads\/2024\/06\/testimonial-skip-02.jpg 360w\" sizes=\"auto, (max-width: 480px) 150px\" src=\"https:\/\/andamiosnicolasromero.com\/fabricante-de-andamios\/wp-content\/uploads\/2024\/06\/testimonial-skip-02.jpg\" alt=\"\" class=\"uag-image-192\" width=\"60\" height=\"60\" title=\"testimonial-skip-02\" loading=\"lazy\" role=\"img\"\/><\/figure><\/div>\n\n\n\n<div class=\"wp-block-uagb-advanced-heading uagb-block-68398f7c\"><h4 class=\"uagb-heading-text\">Mar\u00eda L\u00f3pez<\/h4><p class=\"uagb-desc-text\">Propietario de Negocio<\/p><\/div>\n<\/div>\n<\/div>\n<\/div>\n\n\n\n<div class=\"wp-block-uagb-container uagb-block-6e3dad8a\">\n<div class=\"wp-block-uagb-info-box uagb-block-49dc7006 uagb-infobox__content-wrap  uagb-infobox-icon-left-title uagb-infobox-left uagb-infobox-image-valign-top\"><div class=\"uagb-ifb-content\"><div class=\"uagb-ifb-left-title-image\"><div class=\"uagb-ifb-icon-wrap\"><svg xmlns=\"https:\/\/www.w3.org\/2000\/svg\" viewBox=\"0 0 448 512\"><path d=\"M96 96C42.98 96 0 138.1 0 192s42.98 96 96 96c11.28 0 21.95-2.305 32-5.879V288c0 35.3-28.7 64-64 64c-17.67 0-32 14.33-32 32s14.33 32 32 32c70.58 0 128-57.42 128-128V192C192 138.1 149 96 96 96zM448 192c0-53.02-42.98-96-96-96s-96 42.98-96 96s42.98 96 96 96c11.28 0 21.95-2.305 32-5.879V288c0 35.3-28.7 64-64 64c-17.67 0-32 14.33-32 32s14.33 32 32 32c70.58 0 128-57.42 128-128V192z\"><\/path><\/svg><\/div><div class=\"uagb-ifb-title-wrap\"><p class=\"uagb-ifb-title\">Grandioso trato, entrega r\u00e1pida y eso es crucial en mi trabajo. Me encant\u00f3 trabajar con Andamios Nicol\u00e1s Romero. Definitivamente regresar\u00e9.<\/p><\/div><\/div><\/div><\/div>\n\n\n\n<div class=\"wp-block-uagb-container uagb-layout-grid uagb-block-6a4dd088\">\n<div class=\"wp-block-uagb-advanced-heading uagb-block-a5d162fe\"><h3 class=\"uagb-heading-text\">4.7*<\/h3><\/div>\n\n\n\n<div class=\"wp-block-uagb-container uagb-layout-grid uagb-block-736a4d93\">\n<div class=\"wp-block-uagb-image alignleft uagb-block-6fc1dadc wp-block-uagb-image--layout-default wp-block-uagb-image--effect-static wp-block-uagb-image--align-left\"><figure class=\"wp-block-uagb-image__figure\"><img loading=\"lazy\" decoding=\"async\" srcset=\"https:\/\/andamiosnicolasromero.com\/fabricante-de-andamios\/wp-content\/uploads\/2024\/06\/testimonial-skip-03.jpg ,https:\/\/andamiosnicolasromero.com\/fabricante-de-andamios\/wp-content\/uploads\/2024\/06\/testimonial-skip-03.jpg 780w, https:\/\/andamiosnicolasromero.com\/fabricante-de-andamios\/wp-content\/uploads\/2024\/06\/testimonial-skip-03.jpg 360w\" sizes=\"auto, (max-width: 480px) 150px\" src=\"https:\/\/andamiosnicolasromero.com\/fabricante-de-andamios\/wp-content\/uploads\/2024\/06\/testimonial-skip-03.jpg\" alt=\"\" class=\"uag-image-193\" width=\"60\" height=\"60\" title=\"testimonial-skip-03\" loading=\"lazy\" role=\"img\"\/><\/figure><\/div>\n\n\n\n<div class=\"wp-block-uagb-advanced-heading uagb-block-d085d49a\"><h4 class=\"uagb-heading-text\">Ana Torres<\/h4><p class=\"uagb-desc-text\">Propietario de Negocio<\/p><\/div>\n<\/div>\n<\/div>\n<\/div>\n<\/div>\n<\/div><\/div>\n\n\n\n<div class=\"wp-block-uagb-container uagb-block-288b055f alignfull uagb-is-root-container\"><div class=\"uagb-container-inner-blocks-wrap\">\n<div class=\"wp-block-uagb-container uag-blocks-common-selector uagb-layout-grid uagb-block-f5b117b5 default uagb-is-root-container\">\n<div class=\"wp-block-uagb-info-box uagb-block-23d92e6f uagb-infobox__content-wrap  uagb-infobox-icon-above-title uagb-infobox-image-valign-top\"><div class=\"uagb-ifb-content\"><div class=\"uagb-ifb-title-wrap\"><span class=\"uagb-ifb-title-prefix\">Estamos Aqu\u00ed<\/span><h2 class=\"uagb-ifb-title\">Eleva tu Proyecto con Nuestros Andamios de Calidad<\/h2><\/div><p class=\"uagb-ifb-desc\">Cont\u00e1ctanos para m\u00e1s informaci\u00f3n sobre nuestros servicios y cotizaciones personalizadas.<\/p><\/div><\/div>\n\n\n\n<div class=\"wp-block-uagb-buttons uagb-buttons__outer-wrap uagb-btn__default-btn uagb-btn-tablet__default-btn uagb-btn-mobile__default-btn uagb-block-7f94030b\"><div class=\"uagb-buttons__wrap uagb-buttons-layout-wrap \">\n<div class=\"wp-block-uagb-buttons-child uagb-buttons__outer-wrap uagb-block-01974e58 wp-block-button\"><div class=\"uagb-button__wrapper\"><a class=\"uagb-buttons-repeater wp-block-button__link\" aria-label=\"\" href=\"contact\/\" rel=\"follow noopener\" target=\"_self\" role=\"button\"><div class=\"uagb-button__link\">Cont\u00e1ctanos Hoy<\/div><\/a><\/div><\/div>\n<\/div><\/div>\n<\/div>\n<\/div><\/div>\n","protected":false},"excerpt":{"rendered":"<p>ConOCE NUESTRA EMPRESA ANDAMIOS NICOLAS ROMERO Somos una empresa 100% mexicana l\u00edder en la fabricaci\u00f3n, arrendamiento y comercializaci\u00f3n de andamios [&hellip;]<\/p>\n","protected":false},"author":1,"featured_media":0,"parent":0,"menu_order":0,"comment_status":"closed","ping_status":"closed","template":"","meta":{"_uag_custom_page_level_css":"","site-sidebar-layout":"default","site-content-layout":"","ast-site-content-layout":"default","site-content-style":"default","site-sidebar-style":"default","ast-global-header-display":"","ast-banner-title-visibility":"","ast-main-header-display":"","ast-hfb-above-header-display":"","ast-hfb-below-header-display":"","ast-hfb-mobile-header-display":"","site-post-title":"disabled","ast-breadcrumbs-content":"","ast-featured-img":"","footer-sml-layout":"","theme-transparent-header-meta":"","adv-header-id-meta":"","stick-header-meta":"","header-above-stick-meta":"","header-main-stick-meta":"","header-below-stick-meta":"","astra-migrate-meta-layouts":"default","ast-page-background-enabled":"default","ast-page-background-meta":{"desktop":{"background-color":"var(--ast-global-color-4)","background-image":"","background-repeat":"repeat","background-position":"center center","background-size":"auto","background-attachment":"scroll","background-type":"","background-media":"","overlay-type":"","overlay-color":"","overlay-opacity":"","overlay-gradient":""},"tablet":{"background-color":"","background-image":"","background-repeat":"repeat","background-position":"center center","background-size":"auto","background-attachment":"scroll","background-type":"","background-media":"","overlay-type":"","overlay-color":"","overlay-opacity":"","overlay-gradient":""},"mobile":{"background-color":"","background-image":"","background-repeat":"repeat","background-position":"center center","background-size":"auto","background-attachment":"scroll","background-type":"","background-media":"","overlay-type":"","overlay-color":"","overlay-opacity":"","overlay-gradient":""}},"ast-content-background-meta":{"desktop":{"background-color":"var(--ast-global-color-5)","background-image":"","background-repeat":"repeat","background-position":"center center","background-size":"auto","background-attachment":"scroll","background-type":"","background-media":"","overlay-type":"","overlay-color":"","overlay-opacity":"","overlay-gradient":""},"tablet":{"background-color":"var(--ast-global-color-5)","background-image":"","background-repeat":"repeat","background-position":"center center","background-size":"auto","background-attachment":"scroll","background-type":"","background-media":"","overlay-type":"","overlay-color":"","overlay-opacity":"","overlay-gradient":""},"mobile":{"background-color":"var(--ast-global-color-5)","background-image":"","background-repeat":"repeat","background-position":"center center","background-size":"auto","background-attachment":"scroll","background-type":"","background-media":"","overlay-type":"","overlay-color":"","overlay-opacity":"","overlay-gradient":""}},"_joinchat":[],"footnotes":""},"class_list":["post-28","page","type-page","status-publish","hentry"],"uagb_featured_image_src":{"full":false,"thumbnail":false,"medium":false,"medium_large":false,"large":false,"1536x1536":false,"2048x2048":false,"woocommerce_thumbnail":false,"woocommerce_single":false,"woocommerce_gallery_thumbnail":false},"uagb_author_info":{"display_name":"admin","author_link":"https:\/\/andamiosnicolasromero.com\/fabricante-de-andamios\/author\/neossdef\/"},"uagb_comment_info":0,"uagb_excerpt":"ConOCE NUESTRA EMPRESA ANDAMIOS NICOLAS ROMERO Somos una empresa 100% mexicana l\u00edder en la fabricaci\u00f3n, arrendamiento y comercializaci\u00f3n de andamios [&hellip;]","_links":{"self":[{"href":"https:\/\/andamiosnicolasromero.com\/fabricante-de-andamios\/wp-json\/wp\/v2\/pages\/28","targetHints":{"allow":["GET"]}}],"collection":[{"href":"https:\/\/andamiosnicolasromero.com\/fabricante-de-andamios\/wp-json\/wp\/v2\/pages"}],"about":[{"href":"https:\/\/andamiosnicolasromero.com\/fabricante-de-andamios\/wp-json\/wp\/v2\/types\/page"}],"author":[{"embeddable":true,"href":"https:\/\/andamiosnicolasromero.com\/fabricante-de-andamios\/wp-json\/wp\/v2\/users\/1"}],"replies":[{"embeddable":true,"href":"https:\/\/andamiosnicolasromero.com\/fabricante-de-andamios\/wp-json\/wp\/v2\/comments?post=28"}],"version-history":[{"count":7,"href":"https:\/\/andamiosnicolasromero.com\/fabricante-de-andamios\/wp-json\/wp\/v2\/pages\/28\/revisions"}],"predecessor-version":[{"id":272,"href":"https:\/\/andamiosnicolasromero.com\/fabricante-de-andamios\/wp-json\/wp\/v2\/pages\/28\/revisions\/272"}],"wp:attachment":[{"href":"https:\/\/andamiosnicolasromero.com\/fabricante-de-andamios\/wp-json\/wp\/v2\/media?parent=28"}],"curies":[{"name":"wp","href":"https:\/\/api.w.org\/{rel}","templated":true}]}}